{"id":679,"date":"2014-10-28T07:56:21","date_gmt":"2014-10-28T07:56:21","guid":{"rendered":"http:\/\/zstrumiejki.pl\/?page_id=679"},"modified":"2020-10-20T11:53:23","modified_gmt":"2020-10-20T11:53:23","slug":"biblioteka-szkolna","status":"publish","type":"page","link":"http:\/\/zstrumiejki.pl\/?page_id=679","title":{"rendered":"Biblioteka szkolna"},"content":{"rendered":"<p>Godziny pracy biblioteki szkolnej w roku szkolnym 2020\/2021.<\/p>\n<table border=\"0\">\n<tbody>\n<tr>\n<td style=\"text-align: center;\" colspan=\"3\">SZKO\u0141A PODSTAWOWA<\/td>\n<\/tr>\n<tr>\n<td style=\"text-align: center;\" colspan=\"3\"><\/td>\n<\/tr>\n<tr>\n<td>klasa<\/td>\n<td>dzie\u0144<\/td>\n<td>godziny<\/td>\n<\/tr>\n<tr>\n<td>I<\/td>\n<td>pi\u0105tek<\/td>\n<td>8.00-9.50<\/td>\n<\/tr>\n<tr>\n<td>II<\/td>\n<td>wtorek<\/td>\n<td>8.00-9.50<\/td>\n<\/tr>\n<tr>\n<td>III<\/td>\n<td>czwartek<\/td>\n<td>8.00-9.50<\/td>\n<\/tr>\n<tr>\n<td>IV<\/td>\n<td>poniedzia\u0142ek<br \/>\npi\u0105tek<\/td>\n<td>11.35-11.50<br \/>\n11.35-11.50<\/td>\n<\/tr>\n<tr>\n<td>V<\/td>\n<td>poniedzia\u0142ek<br \/>\n\u015broda<\/td>\n<td>12.35-12.45<br \/>\n11.35-11.50<\/td>\n<\/tr>\n<tr>\n<td>VI<\/td>\n<td>\u015broda<br \/>\npi\u0105tek<\/td>\n<td>12.35-12.45<br \/>\n12.35-12.45<\/td>\n<\/tr>\n<tr>\n<td>VII<\/td>\n<td>poniedzia\u0142ek<br \/>\n\u015broda<\/td>\n<td>13.30-14.30<br \/>\n10.35-10.50<\/td>\n<\/tr>\n<tr>\n<td>VIII<\/td>\n<td>poniedzia\u0142ek<br \/>\n\u015broda<br \/>\npi\u0105tek<\/td>\n<td>10.35-10.50<br \/>\n13.30-14.30<br \/>\n10.35-10.50<\/td>\n<\/tr>\n<tr>\n<td style=\"text-align: center;\" colspan=\"3\"><\/td>\n<\/tr>\n<\/tbody>\n<\/table>\n<p>&nbsp;<\/p>\n","protected":false},"excerpt":{"rendered":"<p>Godziny pracy biblioteki szkolnej w roku szkolnym 2020\/2021. SZKO\u0141A PODSTAWOWA klasa dzie\u0144 godziny I pi\u0105tek 8.00-9.50 II wtorek 8.00-9.50 III czwartek 8.00-9.50 IV poniedzia\u0142ek pi\u0105tek 11.35-11.50 11.35-11.50 V poniedzia\u0142ek \u015broda<\/p>\n","protected":false},"author":1,"featured_media":0,"parent":0,"menu_order":0,"comment_status":"closed","ping_status":"closed","template":"","meta":{"footnotes":""},"class_list":["post-679","page","type-page","status-publish","hentry"],"_links":{"self":[{"href":"http:\/\/zstrumiejki.pl\/index.php?rest_route=\/wp\/v2\/pages\/679","targetHints":{"allow":["GET"]}}],"collection":[{"href":"http:\/\/zstrumiejki.pl\/index.php?rest_route=\/wp\/v2\/pages"}],"about":[{"href":"http:\/\/zstrumiejki.pl\/index.php?rest_route=\/wp\/v2\/types\/page"}],"author":[{"embeddable":true,"href":"http:\/\/zstrumiejki.pl\/index.php?rest_route=\/wp\/v2\/users\/1"}],"replies":[{"embeddable":true,"href":"http:\/\/zstrumiejki.pl\/index.php?rest_route=%2Fwp%2Fv2%2Fcomments&post=679"}],"version-history":[{"count":11,"href":"http:\/\/zstrumiejki.pl\/index.php?rest_route=\/wp\/v2\/pages\/679\/revisions"}],"predecessor-version":[{"id":2739,"href":"http:\/\/zstrumiejki.pl\/index.php?rest_route=\/wp\/v2\/pages\/679\/revisions\/2739"}],"wp:attachment":[{"href":"http:\/\/zstrumiejki.pl\/index.php?rest_route=%2Fwp%2Fv2%2Fmedia&parent=679"}],"curies":[{"name":"wp","href":"https:\/\/api.w.org\/{rel}","templated":true}]}}