{"id":562,"date":"2014-09-20T21:17:26","date_gmt":"2014-09-20T21:17:26","guid":{"rendered":"http:\/\/zstrumiejki.pl\/?page_id=562"},"modified":"2025-10-05T09:12:05","modified_gmt":"2025-10-05T09:12:05","slug":"dodatkowe-dni-wolne","status":"publish","type":"page","link":"http:\/\/zstrumiejki.pl\/?page_id=562","title":{"rendered":"Dodatkowe dni wolne"},"content":{"rendered":"<p>Dodatkowe dni wolne od zaj\u0119\u0107 dydaktyczno\u2013 wychowawczych: w szko\u0142ach z 5 dniowym  tygodniem  pracy,  zgodnie z o\u015bwiatowymi aktami wykonawczymi oraz z  decyzj\u0105  dyrekcji  w sprawie  wprowadzenia dodatkowych  dni wolnych  od zaj\u0119\u0107  dydaktyczno-wychowawczych oraz  po zasi\u0119gni\u0119ciu opinii  RP, RR, SU. Dniami  wolnymi od zaj\u0119\u0107 dydaktyczno\u2013 wychowawczych,  opr\u00f3cz  przerw  \u015bwi\u0105tecznych \u2013  zimowej  i wiosennej  oraz  ferii zimowych i letnich  s\u0105:<\/p>\n<p>\u202210 listopada<br \/>\n\u20222 stycznia<br \/>\n\u20225 stycznia<br \/>\n\u202211 \u2013 13 maja \u2013 egzaminy \u00f3smoklasist\u00f3w ( dla uczni\u00f3w klas 0 \u2013 7 )<br \/>\n\u20225 czerwca                                          <\/p>\n<p>USTAWOWE  DNI  WOLNE  OD  NAUKI \/ PRACY<\/p>\n<p> 1 listopada \u2013 Wszystkich \u015awi\u0119tych<br \/>\n 11 listopada\u2013 Narodowe \u015awi\u0119to Niepodleg\u0142o\u015bci<br \/>\n 24 grudnia\u2013 Wigilia<br \/>\n 1 stycznia\u2013 Nowy Rok<br \/>\n 6 stycznia\u2013 \u015awi\u0119to Trzech Kr\u00f3li<br \/>\n 1 maja\u2013 \u015awi\u0119to Pracy<br \/>\n 3 maja\u2013 \u015awi\u0119to Konstytucji 3 Maja<br \/>\n 4 czerwca\u2013 Bo\u017ce Cia\u0142o<\/p>\n","protected":false},"excerpt":{"rendered":"<p>Dodatkowe dni wolne od zaj\u0119\u0107 dydaktyczno\u2013 wychowawczych: w szko\u0142ach z 5 dniowym tygodniem pracy, zgodnie z o\u015bwiatowymi aktami wykonawczymi oraz z decyzj\u0105 dyrekcji w sprawie wprowadzenia dodatkowych dni wolnych od<\/p>\n","protected":false},"author":1,"featured_media":0,"parent":0,"menu_order":0,"comment_status":"closed","ping_status":"closed","template":"","meta":{"footnotes":""},"class_list":["post-562","page","type-page","status-publish","hentry"],"_links":{"self":[{"href":"http:\/\/zstrumiejki.pl\/index.php?rest_route=\/wp\/v2\/pages\/562","targetHints":{"allow":["GET"]}}],"collection":[{"href":"http:\/\/zstrumiejki.pl\/index.php?rest_route=\/wp\/v2\/pages"}],"about":[{"href":"http:\/\/zstrumiejki.pl\/index.php?rest_route=\/wp\/v2\/types\/page"}],"author":[{"embeddable":true,"href":"http:\/\/zstrumiejki.pl\/index.php?rest_route=\/wp\/v2\/users\/1"}],"replies":[{"embeddable":true,"href":"http:\/\/zstrumiejki.pl\/index.php?rest_route=%2Fwp%2Fv2%2Fcomments&post=562"}],"version-history":[{"count":15,"href":"http:\/\/zstrumiejki.pl\/index.php?rest_route=\/wp\/v2\/pages\/562\/revisions"}],"predecessor-version":[{"id":3890,"href":"http:\/\/zstrumiejki.pl\/index.php?rest_route=\/wp\/v2\/pages\/562\/revisions\/3890"}],"wp:attachment":[{"href":"http:\/\/zstrumiejki.pl\/index.php?rest_route=%2Fwp%2Fv2%2Fmedia&parent=562"}],"curies":[{"name":"wp","href":"https:\/\/api.w.org\/{rel}","templated":true}]}}