{"id":515,"date":"2014-07-01T17:45:31","date_gmt":"2014-07-01T17:45:31","guid":{"rendered":"http:\/\/zstrumiejki.pl\/?page_id=515"},"modified":"2014-09-13T16:45:08","modified_gmt":"2014-09-13T16:45:08","slug":"osiagniecia-sportowe-uczniow-20132014","status":"publish","type":"page","link":"http:\/\/zstrumiejki.pl\/?page_id=515","title":{"rendered":"Osi\u0105gni\u0119cia sportowe uczni\u00f3w 2013\/2014"},"content":{"rendered":"<p><a href=\"dokumenty\/zs\/sport\/wyniki_sportowe_2013_2014.doc\"><img loading=\"lazy\" decoding=\"async\" class=\"alignnone\" src=\"http:\/\/zstrumiejki.pl\/wp-content\/uploads\/2013\/10\/ikonka_doc.gif\" alt=\"ikonka_doc\" width=\"20\" height=\"20\" \/><\/a> Wyniki sportowe szk\u00f3\u0142 w roku szkolnym 2013\/2014<a href=\"dokumenty\/zs\/statut.doc\"><br \/>\n<\/a><br \/>\n<a href=\"dokumenty\/zs\/sport\/wykaz_zawodow_2013_2014.docx\"><img decoding=\"async\" src=\"http:\/\/zstrumiejki.pl\/wp-content\/uploads\/2013\/10\/ikonka_doc.gif\" alt=\"ikonka_doc\" \/><\/a> Wykaz zawod\u00f3w sportowych w roku szkolnym 2013\/2014<\/p>\n","protected":false},"excerpt":{"rendered":"<p>Wyniki sportowe szk\u00f3\u0142 w roku szkolnym 2013\/2014 Wykaz zawod\u00f3w sportowych w roku szkolnym 2013\/2014<\/p>\n","protected":false},"author":1,"featured_media":0,"parent":0,"menu_order":0,"comment_status":"closed","ping_status":"closed","template":"","meta":{"footnotes":""},"class_list":["post-515","page","type-page","status-publish","hentry"],"_links":{"self":[{"href":"http:\/\/zstrumiejki.pl\/index.php?rest_route=\/wp\/v2\/pages\/515","targetHints":{"allow":["GET"]}}],"collection":[{"href":"http:\/\/zstrumiejki.pl\/index.php?rest_route=\/wp\/v2\/pages"}],"about":[{"href":"http:\/\/zstrumiejki.pl\/index.php?rest_route=\/wp\/v2\/types\/page"}],"author":[{"embeddable":true,"href":"http:\/\/zstrumiejki.pl\/index.php?rest_route=\/wp\/v2\/users\/1"}],"replies":[{"embeddable":true,"href":"http:\/\/zstrumiejki.pl\/index.php?rest_route=%2Fwp%2Fv2%2Fcomments&post=515"}],"version-history":[{"count":5,"href":"http:\/\/zstrumiejki.pl\/index.php?rest_route=\/wp\/v2\/pages\/515\/revisions"}],"predecessor-version":[{"id":534,"href":"http:\/\/zstrumiejki.pl\/index.php?rest_route=\/wp\/v2\/pages\/515\/revisions\/534"}],"wp:attachment":[{"href":"http:\/\/zstrumiejki.pl\/index.php?rest_route=%2Fwp%2Fv2%2Fmedia&parent=515"}],"curies":[{"name":"wp","href":"https:\/\/api.w.org\/{rel}","templated":true}]}}