{"id":16,"date":"2013-09-20T18:04:42","date_gmt":"2013-09-20T18:04:42","guid":{"rendered":"http:\/\/zstrumiejki.pl\/?page_id=16"},"modified":"2023-12-04T11:52:44","modified_gmt":"2023-12-04T11:52:44","slug":"poczet-sztandarowy","status":"publish","type":"page","link":"http:\/\/zstrumiejki.pl\/?page_id=16","title":{"rendered":"Poczet sztandarowy"},"content":{"rendered":"<p>SK\u0141AD POCZTU SZTANDAROWEGO W ROKU SZKOLNYM 2022\/2023.<\/p>\n<p>Chor\u0105\u017cy : Nathan Njita<br \/>\nAsysta: Aurelia Cendrowska<br \/>\nAsysta: Oliwia Le\u0144ska<\/p>\n<p>&nbsp;<\/p>\n<p>SK\u0141AD POCZTU SZTANDAROWEGO W ROKU SZKOLNYM 2021\/2022.<\/p>\n<p>Chor\u0105\u017cy: Adrian Socha<br \/>\nAsysta: Maja Stahn<br \/>\nAsysta: Aurelia Cendrowska<\/p>\n<p><a href=\"http:\/\/zstrumiejki.pl\/wp-content\/uploads\/2021\/10\/poczet_21_22.jpg\"><img loading=\"lazy\" decoding=\"async\" class=\"aligncenter wp-image-2948 size-full\" src=\"http:\/\/zstrumiejki.pl\/wp-content\/uploads\/2021\/10\/poczet_21_22.jpg\" alt=\"\" width=\"560\" height=\"750\" srcset=\"http:\/\/zstrumiejki.pl\/wp-content\/uploads\/2021\/10\/poczet_21_22.jpg 560w, http:\/\/zstrumiejki.pl\/wp-content\/uploads\/2021\/10\/poczet_21_22-224x300.jpg 224w\" sizes=\"auto, (max-width: 560px) 100vw, 560px\" \/><\/a><\/p>\n<p>SK\u0141AD POCZTU SZTANDAROWEGO W ROKU SZKOLNYM 2019\/2020, 2020\/21.<\/p>\n<p>Chor\u0105\u017cy: Szymon Urba\u0144ski<br \/>\nAsysta: Wiktoria Rakoczy<br \/>\nAsysta: Agata P\u0105tkowska<\/p>\n<p><a href=\"http:\/\/zstrumiejki.pl\/wp-content\/uploads\/2019\/10\/poczet_2019_2020.jpg\"><img loading=\"lazy\" decoding=\"async\" class=\"alignnone size-full wp-image-2397\" src=\"http:\/\/zstrumiejki.pl\/wp-content\/uploads\/2019\/10\/poczet_2019_2020.jpg\" alt=\"\" width=\"1600\" height=\"1067\" srcset=\"http:\/\/zstrumiejki.pl\/wp-content\/uploads\/2019\/10\/poczet_2019_2020.jpg 1600w, http:\/\/zstrumiejki.pl\/wp-content\/uploads\/2019\/10\/poczet_2019_2020-300x200.jpg 300w, http:\/\/zstrumiejki.pl\/wp-content\/uploads\/2019\/10\/poczet_2019_2020-768x512.jpg 768w, http:\/\/zstrumiejki.pl\/wp-content\/uploads\/2019\/10\/poczet_2019_2020-1024x683.jpg 1024w\" sizes=\"auto, (max-width: 1600px) 100vw, 1600px\" \/><\/a><\/p>\n<hr \/>\n<p>&nbsp;<\/p>\n<p>SK\u0141AD POCZTU SZTANDAROWEGO W ROKU SZKOLNYM 2018\/2019<\/p>\n<p>Chor\u0105\u017cy: Szymon Urba\u0144ski<br \/>\nAsysta: Zuzanna Bluj<br \/>\nAsysta: Agata P\u0105tkowska<\/p>\n<p><a href=\"http:\/\/zstrumiejki.pl\/wp-content\/uploads\/2018\/09\/poczet_2018_2019.jpg\"><img loading=\"lazy\" decoding=\"async\" class=\"alignnone wp-image-2017\" src=\"http:\/\/zstrumiejki.pl\/wp-content\/uploads\/2018\/09\/poczet_2018_2019-867x1024.jpg\" alt=\"\" width=\"530\" height=\"626\" srcset=\"http:\/\/zstrumiejki.pl\/wp-content\/uploads\/2018\/09\/poczet_2018_2019-867x1024.jpg 867w, http:\/\/zstrumiejki.pl\/wp-content\/uploads\/2018\/09\/poczet_2018_2019-254x300.jpg 254w, http:\/\/zstrumiejki.pl\/wp-content\/uploads\/2018\/09\/poczet_2018_2019-768x907.jpg 768w, http:\/\/zstrumiejki.pl\/wp-content\/uploads\/2018\/09\/poczet_2018_2019.jpg 1283w\" sizes=\"auto, (max-width: 530px) 100vw, 530px\" \/><\/a><\/p>\n<hr \/>\n<p>&nbsp;<\/p>\n<p>SK\u0141AD POCZTU SZTANDAROWEGO W ROKU SZKOLNYM 2017\/2018<\/p>\n<p>Chor\u0105\u017cy: Jakub Olsza\u0144ski<br \/>\nAsysta: Zuzanna Bluj<br \/>\nAsysta: Klaudia Tch\u00f3rz<\/p>\n<p><a href=\"http:\/\/zstrumiejki.pl\/wp-content\/uploads\/2013\/09\/poczet_2017_2018.jpg\"><img loading=\"lazy\" decoding=\"async\" class=\"alignnone wp-image-1686 size-full\" src=\"http:\/\/zstrumiejki.pl\/wp-content\/uploads\/2013\/09\/poczet_2017_2018.jpg\" alt=\"\" width=\"800\" height=\"600\" srcset=\"http:\/\/zstrumiejki.pl\/wp-content\/uploads\/2013\/09\/poczet_2017_2018.jpg 800w, http:\/\/zstrumiejki.pl\/wp-content\/uploads\/2013\/09\/poczet_2017_2018-300x225.jpg 300w, http:\/\/zstrumiejki.pl\/wp-content\/uploads\/2013\/09\/poczet_2017_2018-768x576.jpg 768w\" sizes=\"auto, (max-width: 800px) 100vw, 800px\" \/><\/a><\/p>\n<hr \/>\n<p>&nbsp;<\/p>\n<p>SK\u0141AD POCZTU SZTANDAROWEGO W ROKU SZKOLNYM 2015\/2016, 2016\/2017<\/p>\n<p>Chor\u0105\u017cy: Jakub Olsza\u0144ski<br \/>\nAsysta: Zuzanna Malicka<br \/>\nAsysta: Julia Anders<br \/>\n<a href=\"http:\/\/zstrumiejki.pl\/wp-content\/uploads\/2013\/09\/poczet_2015_2016.png\"><img loading=\"lazy\" decoding=\"async\" class=\"aligncenter size-full wp-image-1061\" src=\"http:\/\/zstrumiejki.pl\/wp-content\/uploads\/2013\/09\/poczet_2015_2016.png\" alt=\"poczet_2015_2016\" width=\"530\" height=\"398\" srcset=\"http:\/\/zstrumiejki.pl\/wp-content\/uploads\/2013\/09\/poczet_2015_2016.png 530w, http:\/\/zstrumiejki.pl\/wp-content\/uploads\/2013\/09\/poczet_2015_2016-300x225.png 300w\" sizes=\"auto, (max-width: 530px) 100vw, 530px\" \/><\/a><\/p>\n<hr \/>\n<p>&nbsp;<\/p>\n<p>SK\u0141AD POCZTU SZTANDAROWEGO W ROKU SZKOLNYM 2014\/2015<\/p>\n<p>Chor\u0105\u017cy: Damian Urba\u0144ski<br \/>\nAsysta: Weronika Czajka<br \/>\nAsysta: Julia Szpeflik<img loading=\"lazy\" decoding=\"async\" class=\"alignright size-full wp-image-579\" src=\"http:\/\/zstrumiejki.pl\/wp-content\/uploads\/2013\/09\/DSCF1739.jpg\" alt=\"DSCF1739\" width=\"685\" height=\"965\" srcset=\"http:\/\/zstrumiejki.pl\/wp-content\/uploads\/2013\/09\/DSCF1739.jpg 685w, http:\/\/zstrumiejki.pl\/wp-content\/uploads\/2013\/09\/DSCF1739-212x300.jpg 212w\" sizes=\"auto, (max-width: 685px) 100vw, 685px\" \/><\/p>\n","protected":false},"excerpt":{"rendered":"<p>SK\u0141AD POCZTU SZTANDAROWEGO W ROKU SZKOLNYM 2022\/2023. Chor\u0105\u017cy : Nathan Njita Asysta: Aurelia Cendrowska Asysta: Oliwia Le\u0144ska &nbsp; SK\u0141AD POCZTU SZTANDAROWEGO W ROKU SZKOLNYM 2021\/2022. Chor\u0105\u017cy: Adrian Socha Asysta: Maja<\/p>\n","protected":false},"author":1,"featured_media":0,"parent":0,"menu_order":0,"comment_status":"closed","ping_status":"closed","template":"","meta":{"footnotes":""},"class_list":["post-16","page","type-page","status-publish","hentry"],"_links":{"self":[{"href":"http:\/\/zstrumiejki.pl\/index.php?rest_route=\/wp\/v2\/pages\/16","targetHints":{"allow":["GET"]}}],"collection":[{"href":"http:\/\/zstrumiejki.pl\/index.php?rest_route=\/wp\/v2\/pages"}],"about":[{"href":"http:\/\/zstrumiejki.pl\/index.php?rest_route=\/wp\/v2\/types\/page"}],"author":[{"embeddable":true,"href":"http:\/\/zstrumiejki.pl\/index.php?rest_route=\/wp\/v2\/users\/1"}],"replies":[{"embeddable":true,"href":"http:\/\/zstrumiejki.pl\/index.php?rest_route=%2Fwp%2Fv2%2Fcomments&post=16"}],"version-history":[{"count":14,"href":"http:\/\/zstrumiejki.pl\/index.php?rest_route=\/wp\/v2\/pages\/16\/revisions"}],"predecessor-version":[{"id":3429,"href":"http:\/\/zstrumiejki.pl\/index.php?rest_route=\/wp\/v2\/pages\/16\/revisions\/3429"}],"wp:attachment":[{"href":"http:\/\/zstrumiejki.pl\/index.php?rest_route=%2Fwp%2Fv2%2Fmedia&parent=16"}],"curies":[{"name":"wp","href":"https:\/\/api.w.org\/{rel}","templated":true}]}}