{"id":13,"date":"2013-09-20T18:04:04","date_gmt":"2013-09-20T18:04:04","guid":{"rendered":"http:\/\/zstrumiejki.pl\/?page_id=13"},"modified":"2025-10-05T09:16:14","modified_gmt":"2025-10-05T09:16:14","slug":"harmonogram-roku","status":"publish","type":"page","link":"http:\/\/zstrumiejki.pl\/?page_id=13","title":{"rendered":"Kalendarz szkolny"},"content":{"rendered":"<p style=\"text-align: center;\">Kalendarz roku szkolnego 2025\/2026<\/p>\n<p>1. Rozpocz\u0119cie rocznych zaj\u0119\u0107 dydaktyczno- wychowawczych: 1 wrze\u015bnia 2025r.<br \/>\n2. Zimowa przerwa \u015bwi\u0105teczna: 22\u2013 31 grudnia 2025 r.<br \/>\n3. Ferie zimowe: 19 stycznia\u2013 1 lutego 2026 r.<br \/>\n4. Wiosenna przerwa \u015bwi\u0105teczna: 2 kwietnia\u2013 7 kwietnia 2026 r.<br \/>\n5. Egzamin \u00f3smoklasisty: 11 maja\u2013 13 maja 2026 r.<br \/>\n6. Zako\u0144czenie rocznych zaj\u0119\u0107 dydaktyczno\u2013 wychowawczych: 26 czerwca 2026 r.<br \/>\n7. Ferie letnie: 27 czerwca\u2013 31 sierpnia 2026 r.<\/p>\n<p>&nbsp;<\/p>\n<p style=\"text-align: center;\">WA\u017bNE DATY<\/p>\n<ul>\n<li>18 listopada 2025r. godz. 15:30 \u2013 16:30 Konsultacje dla rodzic\u00f3w (w szkole obecni wszyscy nauczyciele)<\/li>\n<li>DO 19 grudnia 2025r. Wystawienie przewidywanych ocen semestralnych.<\/li>\n<li>DO 16 stycznia 2026r. Wystawienie ocen semestralnych.<\/li>\n<li>3 lutego 2026r. Klasyfikacyjne posiedzenie Rady Pedagogicznej.<\/li>\n<li>10 lutego 2026r. Spotkania klasowe z wychowawc\u0105 \u2013 podsumowanie pracy w I p\u00f3\u0142roczu roku szkolnego 2025\/2026. Zapoznanie rodzic\u00f3w uczni\u00f3w z procedurami obowi\u0105zuj\u0105cymi na egzaminie \u00f3smoklasisty.<\/li>\n<li>19 maja 2026r. Konsultacje dla rodzic\u00f3w ( w szkole obecni wszyscy nauczyciele)<\/li>\n<li>Do 18 maja 2026r. Wystawienie przewidywanych ocen ko\u0144coworocznych.<\/li>\n<li>Do 18 czerwca 2026r. Wystawienie ocen ko\u0144coworocznych.<\/li>\n<li>22 czerwca 2026r. Klasyfikacyjne posiedzenie Rady Pedagogicznej.<\/li>\n<\/ul>\n","protected":false},"excerpt":{"rendered":"<p>Kalendarz roku szkolnego 2025\/2026 1. Rozpocz\u0119cie rocznych zaj\u0119\u0107 dydaktyczno- wychowawczych: 1 wrze\u015bnia 2025r. 2. Zimowa przerwa \u015bwi\u0105teczna: 22\u2013 31 grudnia 2025 r. 3. Ferie zimowe: 19 stycznia\u2013 1 lutego 2026<\/p>\n","protected":false},"author":1,"featured_media":0,"parent":0,"menu_order":0,"comment_status":"closed","ping_status":"closed","template":"","meta":{"footnotes":""},"class_list":["post-13","page","type-page","status-publish","hentry"],"_links":{"self":[{"href":"http:\/\/zstrumiejki.pl\/index.php?rest_route=\/wp\/v2\/pages\/13","targetHints":{"allow":["GET"]}}],"collection":[{"href":"http:\/\/zstrumiejki.pl\/index.php?rest_route=\/wp\/v2\/pages"}],"about":[{"href":"http:\/\/zstrumiejki.pl\/index.php?rest_route=\/wp\/v2\/types\/page"}],"author":[{"embeddable":true,"href":"http:\/\/zstrumiejki.pl\/index.php?rest_route=\/wp\/v2\/users\/1"}],"replies":[{"embeddable":true,"href":"http:\/\/zstrumiejki.pl\/index.php?rest_route=%2Fwp%2Fv2%2Fcomments&post=13"}],"version-history":[{"count":20,"href":"http:\/\/zstrumiejki.pl\/index.php?rest_route=\/wp\/v2\/pages\/13\/revisions"}],"predecessor-version":[{"id":3894,"href":"http:\/\/zstrumiejki.pl\/index.php?rest_route=\/wp\/v2\/pages\/13\/revisions\/3894"}],"wp:attachment":[{"href":"http:\/\/zstrumiejki.pl\/index.php?rest_route=%2Fwp%2Fv2%2Fmedia&parent=13"}],"curies":[{"name":"wp","href":"https:\/\/api.w.org\/{rel}","templated":true}]}}