{"id":128,"date":"2013-10-05T17:57:37","date_gmt":"2013-10-05T17:57:37","guid":{"rendered":"http:\/\/zstrumiejki.pl\/?page_id=128"},"modified":"2021-09-07T05:57:59","modified_gmt":"2021-09-07T05:57:59","slug":"informacje","status":"publish","type":"page","link":"http:\/\/zstrumiejki.pl\/?page_id=128","title":{"rendered":"Informacje"},"content":{"rendered":"<p><a href=\"http:\/\/zstrumiejki.pl\/wp-content\/uploads\/2021\/09\/Rozklad-jazdy.pdf\">Rozk\u0142ad jazdy autobus\u00f3w<\/a><\/p>\n<p><a href=\"dokumenty\/informacje\/10_rzeczy.docx\">10 rzeczy, kt\u00f3rych mo\u017cna nauczy\u0107 dziecko, aby by\u0142o bezpieczniejsze w Internecie<\/a><\/p>\n<p><a href=\"dokumenty\/informacje\/niebezpieczenstwa_w_sieci.docx\">Niebezpiecze\u0144stwa w sieci<\/a><\/p>\n<p><a href=\"dokumenty\/informacje\/regulamin_edziennik.pdf\">Regulamin korzystania z dziennika elektronicznego dla Rodzic\u00f3w<\/a><\/p>\n","protected":false},"excerpt":{"rendered":"<p>Rozk\u0142ad jazdy autobus\u00f3w 10 rzeczy, kt\u00f3rych mo\u017cna nauczy\u0107 dziecko, aby by\u0142o bezpieczniejsze w Internecie Niebezpiecze\u0144stwa w sieci Regulamin korzystania z dziennika elektronicznego dla Rodzic\u00f3w<\/p>\n","protected":false},"author":1,"featured_media":0,"parent":0,"menu_order":0,"comment_status":"closed","ping_status":"closed","template":"","meta":{"footnotes":""},"class_list":["post-128","page","type-page","status-publish","hentry"],"_links":{"self":[{"href":"http:\/\/zstrumiejki.pl\/index.php?rest_route=\/wp\/v2\/pages\/128","targetHints":{"allow":["GET"]}}],"collection":[{"href":"http:\/\/zstrumiejki.pl\/index.php?rest_route=\/wp\/v2\/pages"}],"about":[{"href":"http:\/\/zstrumiejki.pl\/index.php?rest_route=\/wp\/v2\/types\/page"}],"author":[{"embeddable":true,"href":"http:\/\/zstrumiejki.pl\/index.php?rest_route=\/wp\/v2\/users\/1"}],"replies":[{"embeddable":true,"href":"http:\/\/zstrumiejki.pl\/index.php?rest_route=%2Fwp%2Fv2%2Fcomments&post=128"}],"version-history":[{"count":6,"href":"http:\/\/zstrumiejki.pl\/index.php?rest_route=\/wp\/v2\/pages\/128\/revisions"}],"predecessor-version":[{"id":2906,"href":"http:\/\/zstrumiejki.pl\/index.php?rest_route=\/wp\/v2\/pages\/128\/revisions\/2906"}],"wp:attachment":[{"href":"http:\/\/zstrumiejki.pl\/index.php?rest_route=%2Fwp%2Fv2%2Fmedia&parent=128"}],"curies":[{"name":"wp","href":"https:\/\/api.w.org\/{rel}","templated":true}]}}